{"id":947,"date":"2025-07-23T03:36:35","date_gmt":"2025-07-23T03:36:35","guid":{"rendered":"https:\/\/internationalboost.com\/?page_id=947"},"modified":"2026-02-20T09:02:00","modified_gmt":"2026-02-20T09:02:00","slug":"privacy-policy","status":"publish","type":"page","link":"https:\/\/internationalboost.com\/en\/privacy-policy\/","title":{"rendered":"Privacy policy"},"content":{"rendered":"<div data-elementor-type=\"wp-page\" data-elementor-id=\"947\" class=\"elementor elementor-947\" data-elementor-post-type=\"page\">\n\t\t\t\t<div class=\"elementor-element elementor-element-21c35cd1 e-flex e-con-boxed e-con e-parent\" data-id=\"21c35cd1\" data-element_type=\"container\" data-e-type=\"container\">\n\t\t\t\t\t<div class=\"e-con-inner\">\n\t\t\t\t<div class=\"elementor-element elementor-element-2f2ef7ff elementor-widget elementor-widget-text-editor\" data-id=\"2f2ef7ff\" data-element_type=\"widget\" data-e-type=\"widget\" data-no-translation=\"\" data-widget_type=\"text-editor.default\">\n\t\t\t\t\t<style>.elementor-element-2f2ef7ff{display:none !important}<\/style>\t\t\t\t<\/div>\n\t\t\t\t<div class=\"elementor-element elementor-element-cc8fe4b elementor-widget elementor-widget-text-editor\" data-id=\"cc8fe4b\" data-element_type=\"widget\" data-e-type=\"widget\" data-no-translation=\"\" data-widget_type=\"text-editor.default\">\n\t\t\t\t\t\t\t\t\t<h2>VERSION ANGLAISE<\/h2>\t\t\t\t\t\t\t\t<\/div>\n\t\t\t\t\t<\/div>\n\t\t\t\t<\/div>\n\t\t\t\t<\/div>","protected":false},"excerpt":{"rendered":"<p>POLITIQUE DE CONFIDENTIALIT\u00c9 COLLECTE DE DONN\u00c9ES \u2013 UTILISATION DE COOKIES \u2013 CONSENTEMENT Pour acc\u00e9der aux ressources et services de INTERNATIONAL BOOST, les utilisateurs renseignent des donn\u00e9es \u00e0 caract\u00e8re personnel telles que, notamment, leur adresse \u00e9lectronique, leur nom, leur adresse, leur num\u00e9ro de t\u00e9l\u00e9phone. De m\u00eame, lorsqu\u2019un utilisateur inscrit se connecte sur le Site, son adresse [&hellip;]<\/p>\n","protected":false},"author":1,"featured_media":0,"parent":0,"menu_order":0,"comment_status":"closed","ping_status":"closed","template":"elementor_header_footer","meta":{"_acf_changed":false,"_monsterinsights_skip_tracking":false,"_monsterinsights_sitenote_active":false,"_monsterinsights_sitenote_note":"","_monsterinsights_sitenote_category":0,"footnotes":""},"class_list":["post-947","page","type-page","status-publish","hentry"],"acf":[],"_links":{"self":[{"href":"https:\/\/internationalboost.com\/en\/wp-json\/wp\/v2\/pages\/947","targetHints":{"allow":["GET"]}}],"collection":[{"href":"https:\/\/internationalboost.com\/en\/wp-json\/wp\/v2\/pages"}],"about":[{"href":"https:\/\/internationalboost.com\/en\/wp-json\/wp\/v2\/types\/page"}],"author":[{"embeddable":true,"href":"https:\/\/internationalboost.com\/en\/wp-json\/wp\/v2\/users\/1"}],"replies":[{"embeddable":true,"href":"https:\/\/internationalboost.com\/en\/wp-json\/wp\/v2\/comments?post=947"}],"version-history":[{"count":0,"href":"https:\/\/internationalboost.com\/en\/wp-json\/wp\/v2\/pages\/947\/revisions"}],"wp:attachment":[{"href":"https:\/\/internationalboost.com\/en\/wp-json\/wp\/v2\/media?parent=947"}],"curies":[{"name":"wp","href":"https:\/\/api.w.org\/{rel}","templated":true}]}}