{"id":945,"date":"2025-07-23T03:36:21","date_gmt":"2025-07-23T03:36:21","guid":{"rendered":"https:\/\/internationalboost.com\/?page_id=945"},"modified":"2026-02-20T10:46:26","modified_gmt":"2026-02-20T10:46:26","slug":"terms-and-conditions-of-use","status":"publish","type":"page","link":"https:\/\/internationalboost.com\/en\/terms-and-conditions-of-use\/","title":{"rendered":"Terms &amp; conditions of use"},"content":{"rendered":"\t\t<div data-elementor-type=\"wp-page\" data-elementor-id=\"945\" class=\"elementor elementor-945\" data-elementor-post-type=\"page\">\n\t\t\t\t<div class=\"elementor-element elementor-element-36af9f2 e-flex e-con-boxed e-con e-parent\" data-id=\"36af9f2\" data-element_type=\"container\" data-e-type=\"container\">\n\t\t\t\t\t<div class=\"e-con-inner\">\n\t\t\t\t<div class=\"elementor-element elementor-element-6332f69f elementor-widget elementor-widget-text-editor\" data-id=\"6332f69f\" data-element_type=\"widget\" data-e-type=\"widget\" data-no-translation=\"\" data-widget_type=\"text-editor.default\">\n\t\t\t\t\t<style>.elementor-element-6332f69f{display:none !important}<\/style>\t\t\t\t<\/div>\n\t\t\t\t<div class=\"elementor-element elementor-element-77b38f4 elementor-widget elementor-widget-text-editor\" data-id=\"77b38f4\" data-element_type=\"widget\" data-e-type=\"widget\" data-no-translation=\"\" data-widget_type=\"text-editor.default\">\n\t\t\t\t\t\t\t\t\t\n<h1><\/h1>\n<h1>TERMS AND CONDITIONS OF USE<\/h1>\n<h1><\/h1>\n<ol>\n<li><strong>Introduction<\/strong><\/li>\n<\/ol>\n<p>1.1\u00a0\u00a0\u00a0\u00a0\u00a0 These terms and conditions shall govern your use of our website.<\/p>\n<p>1.2\u00a0\u00a0\u00a0\u00a0\u00a0 By using our website, you accept these terms and conditions in full; accordingly, if you disagree with these terms and conditions or any part of these terms and conditions, you must not use our website.<\/p>\n<p>1.3\u00a0\u00a0\u00a0\u00a0\u00a0 You must be at least 18 years of age to use our website; by using our website or agreeing to these terms and conditions, you warrant and represent to us that you are at least 18 years of age.<\/p>\n<p>1.4\u00a0\u00a0\u00a0\u00a0\u00a0 Our website uses cookies; by using our website or agreeing to these terms and conditions, you consent to our use of cookies in accordance with the terms of our privacy and cookies policy.<\/p>\n<ol>\n<li><strong>Copyright notice<\/strong><\/li>\n<\/ol>\n<p>2.1\u00a0\u00a0\u00a0\u00a0\u00a0 Copyright (c)<\/p>\n<p>2.2\u00a0\u00a0\u00a0\u00a0\u00a0 Subject to the express provisions of these terms and conditions:<\/p>\n<p>(a)\u00a0\u00a0\u00a0\u00a0\u00a0\u00a0 we, together with our licensors, own and control all the copyright and other intellectual property rights in our website and the material on our website; and<\/p>\n<p>(b)\u00a0\u00a0\u00a0\u00a0\u00a0\u00a0 all the copyright and other intellectual property rights in our website and the material on our website are reserved.<\/p>\n<ol>\n<li><strong>Licence to use website<\/strong><\/li>\n<\/ol>\n<p>3.1\u00a0\u00a0\u00a0\u00a0\u00a0 You may:<\/p>\n<p>(a)\u00a0\u00a0\u00a0\u00a0\u00a0\u00a0 view pages from our website in a web browser;<\/p>\n<p>(b)\u00a0\u00a0\u00a0\u00a0\u00a0\u00a0 download pages from our website for caching in a web browser;<\/p>\n<p>(c)\u00a0\u00a0\u00a0\u00a0\u00a0\u00a0 print pages from our website;<\/p>\n<p>(d)\u00a0\u00a0\u00a0\u00a0\u00a0\u00a0 stream audio and video files from our website; and<\/p>\n<p>(e)\u00a0\u00a0\u00a0\u00a0\u00a0\u00a0 use our website services by means of a web browser,<\/p>\n<p>\u00a0\u00a0\u00a0\u00a0\u00a0\u00a0\u00a0\u00a0\u00a0\u00a0\u00a0 subject to the other provisions of these terms and conditions.<\/p>\n<p>3.2\u00a0\u00a0\u00a0\u00a0\u00a0 Except as expressly permitted by Section 3.1 or the other provisions of these terms and conditions, you must not download any material from our website or save any such material to your computer.<\/p>\n<p>3.3\u00a0\u00a0\u00a0\u00a0\u00a0 You may only use our website for your own personal and business purposes, and you must not use our website for any other purposes.<\/p>\n<p>3.4\u00a0\u00a0\u00a0\u00a0\u00a0 Unless you own or control the relevant rights in the material, you must not:<\/p>\n<p>(a)\u00a0\u00a0\u00a0\u00a0\u00a0\u00a0 republish material from our website (including republication on another website);<\/p>\n<p>\u00a0(b)\u00a0\u00a0\u00a0\u00a0\u00a0 exploit material from our website for a commercial purpose; or<\/p>\n<p>\u00a0(c)\u00a0\u00a0\u00a0\u00a0\u00a0 redistribute material from our website.<\/p>\n<p>3.5\u00a0\u00a0\u00a0\u00a0\u00a0 Notwithstanding Section 3.4, you may redistribute our newsletter in to any person.<\/p>\n<p>3.6\u00a0\u00a0\u00a0\u00a0\u00a0 We reserve the right to restrict access to areas of our website, or indeed our whole website, at our discretion; you must not circumvent or bypass, or attempt to circumvent or bypass, any access restriction measures on our website.<\/p>\n<ol>\n<li><strong>Acceptable use<\/strong><\/li>\n<\/ol>\n<p>4.1\u00a0\u00a0\u00a0\u00a0\u00a0 You must not:<\/p>\n<p>(a)\u00a0\u00a0\u00a0\u00a0\u00a0\u00a0 use our website in any way or take any action that causes, or may cause, damage to the website or impairment of the performance, availability or accessibility of the website;<\/p>\n<p>(b)\u00a0\u00a0\u00a0\u00a0\u00a0\u00a0 use our website in any way that is unlawful, illegal, fraudulent or harmful, or in connection with any unlawful, illegal, fraudulent or harmful purpose or activity;<\/p>\n<p>(c)\u00a0\u00a0\u00a0\u00a0\u00a0\u00a0 use our website to copy, store, host, transmit, send, use, publish or distribute any material which consists of (or is linked to) any spyware, computer virus, Trojan horse, worm, keystroke logger, rootkit or other malicious computer software;<\/p>\n<p>(d)\u00a0\u00a0\u00a0\u00a0\u00a0\u00a0 conduct any systematic or automated data collection activities (including without limitation scraping, data mining, data extraction and data harvesting) on or in relation to our website without our express written consent;<\/p>\n<p>(e)\u00a0\u00a0\u00a0\u00a0\u00a0\u00a0 access or otherwise interact with our website using any robot, spider or other automated means, except for the purpose of search engine indexing;<\/p>\n<p>(f)\u00a0\u00a0\u00a0\u00a0\u00a0\u00a0\u00a0 violate the directives set out in the robots.txt file for our website; or<\/p>\n<p>(g)\u00a0\u00a0\u00a0\u00a0\u00a0\u00a0 use data collected from our website for any direct marketing activity (including without limitation email marketing, SMS marketing, telemarketing and direct mailing).<\/p>\n<p>4.2\u00a0\u00a0\u00a0\u00a0\u00a0 You must not use data collected from our website to contact individuals, companies or other persons or entities.<\/p>\n<p>4.3\u00a0\u00a0\u00a0\u00a0\u00a0 You must ensure that all the information you supply to us through our website, or in relation to our website, is true, accurate, current, complete and non-misleading.<\/p>\n<ol>\n<li><strong>Registration and accounts<\/strong><\/li>\n<\/ol>\n<p>6.1\u00a0\u00a0\u00a0\u00a0\u00a0 You may register for an account with our website by completing and submitting the account registration form on our website and clicking on the verification link in the email that the website will send to you.<\/p>\n<p>6.2\u00a0\u00a0\u00a0\u00a0\u00a0 You must not allow any other person to use your account to access the website.<\/p>\n<p>6.3\u00a0\u00a0\u00a0\u00a0\u00a0 You must notify us in writing immediately if you become aware of any unauthorized use of your account.<\/p>\n<p>6.4\u00a0\u00a0\u00a0\u00a0\u00a0 You must not use any other person&rsquo;s account to access the website, unless you have that person&rsquo;s express permission to do so.<\/p>\n<ol>\n<li><strong>Limited warranties<\/strong><\/li>\n<\/ol>\n<p>7.1\u00a0\u00a0\u00a0\u00a0\u00a0 We do not warrant or represent:<\/p>\n<p>(a)\u00a0\u00a0\u00a0\u00a0\u00a0\u00a0 the completeness or accuracy of the information published on our website;<\/p>\n<p>(b)\u00a0\u00a0\u00a0\u00a0\u00a0\u00a0 that the material on the website is up to date; or<\/p>\n<p>(c)\u00a0\u00a0\u00a0\u00a0\u00a0\u00a0 that the website or any service on the website will remain available.<\/p>\n<p>7.2\u00a0\u00a0\u00a0\u00a0\u00a0 We reserve the right to discontinue or alter any or all of our website services, and to stop publishing our website, at any time in our sole discretion without notice or explanation; and save to the extent expressly provided otherwise in these terms and conditions, you will not be entitled to any compensation or other payment upon the discontinuance or alteration of any website services, or if we stop publishing the website.<\/p>\n<p>7.3\u00a0\u00a0\u00a0\u00a0\u00a0 To the maximum extent permitted by applicable law and subject to Section 7.1, we exclude all representations and warranties relating to the subject matter of these terms and conditions, our website and the use of our website.<\/p>\n<ol>\n<li><strong>Limitations and exclusions of liability<\/strong><\/li>\n<\/ol>\n<p>8.1\u00a0\u00a0\u00a0\u00a0\u00a0 Nothing in these terms and conditions will:<\/p>\n<p>\u00a0(b)\u00a0\u00a0\u00a0\u00a0\u00a0 limit or exclude any liability for fraud or fraudulent misrepresentation;<\/p>\n<p>(c)\u00a0\u00a0\u00a0\u00a0\u00a0\u00a0 limit any liabilities in any way that is not permitted under applicable law; or<\/p>\n<p>(d)\u00a0\u00a0\u00a0\u00a0\u00a0\u00a0 exclude any liabilities that may not be excluded under applicable law.<\/p>\n<p>8.2\u00a0\u00a0\u00a0\u00a0\u00a0 The limitations and exclusions of liability set out in this Section 8 and elsewhere in these terms and conditions:<\/p>\n<p>(a)\u00a0\u00a0\u00a0\u00a0\u00a0\u00a0 are subject to Section 8.1; and<\/p>\n<p>(b)\u00a0\u00a0\u00a0\u00a0\u00a0\u00a0 govern all liabilities arising under these terms and conditions or relating to the subject matter of these terms and conditions, including liabilities arising in contract, in tort (including negligence) and for breach of statutory duty, except to the extent expressly provided otherwise in these terms and conditions.<\/p>\n<p>8.3\u00a0\u00a0\u00a0\u00a0\u00a0 To the extent that our website and the information and services on our website are provided free of charge, we will not be liable for any loss or damage of any nature.<\/p>\n<p>8.4\u00a0\u00a0\u00a0\u00a0\u00a0 We will not be liable to you in respect of any losses arising out of any event or events beyond our reasonable control.<\/p>\n<p>8.5\u00a0\u00a0\u00a0\u00a0\u00a0 We will not be liable to you in respect of any business losses, including (without limitation) loss of or damage to profits, income, revenue, use, production, anticipated savings, business, contracts, commercial opportunities or goodwill.<\/p>\n<p>8.6\u00a0\u00a0\u00a0\u00a0\u00a0 We will not be liable to you in respect of any loss or corruption of any data, database or software.<\/p>\n<p>8.7\u00a0\u00a0\u00a0\u00a0\u00a0 We will not be liable to you in respect of any special, indirect or consequential loss or damage.<\/p>\n<ol>\n<li><strong>Breaches of these terms and conditions<\/strong><\/li>\n<\/ol>\n<p>9.1\u00a0\u00a0\u00a0\u00a0\u00a0 Without prejudice to our other rights under these terms and conditions, if you breach these terms and conditions in any way, or if we reasonably suspect that you have breached these terms and conditions in any way, we may:<\/p>\n<p>(a)\u00a0\u00a0\u00a0\u00a0\u00a0\u00a0 send you one or more formal warnings;<\/p>\n<p>(b)\u00a0\u00a0\u00a0\u00a0\u00a0\u00a0 temporarily suspend your access to our website;<\/p>\n<p>(c)\u00a0\u00a0\u00a0\u00a0\u00a0\u00a0 permanently prohibit you from accessing our website;<\/p>\n<p>(d)\u00a0\u00a0\u00a0\u00a0\u00a0\u00a0 block computers using your IP address from accessing our website;<\/p>\n<p>(e)\u00a0\u00a0\u00a0\u00a0\u00a0\u00a0 contact any or all of your internet service providers and request that they block your access to our website;<\/p>\n<p>(f)\u00a0\u00a0\u00a0\u00a0\u00a0\u00a0\u00a0 commence legal action against you, whether for breach of contract or otherwise; and\/or<\/p>\n<p>9.2\u00a0\u00a0\u00a0\u00a0\u00a0 Where we suspend or prohibit or block your access to our website or a part of our website, you must not take any action to circumvent such suspension or prohibition or blocking (including without limitation [creating and\/or using a different account]).<\/p>\n<ol>\n<li><strong>Variation<\/strong><\/li>\n<\/ol>\n<p>10.1\u00a0\u00a0\u00a0 We may revise these terms and conditions from time to time.<\/p>\n<p>10.2\u00a0\u00a0\u00a0 The revised terms and conditions shall apply to the use of our website from the date of publication of the revised terms and conditions on the website, and you hereby waive any right you may otherwise have to be notified of, or to consent to, revisions of these terms and conditions.] OR [We will give you written notice of any revision of these terms and conditions, and the revised terms and conditions will apply to the use of our website from the date that we give you such notice; if you do not agree to the revised terms and conditions, you must stop using our website.<\/p>\n<p>10.3\u00a0\u00a0\u00a0 If you have given your express agreement to these terms and conditions, we will ask for your express agreement to any revision of these terms and conditions; and if you do not give your express agreement to the revised terms and conditions within such period as we may specify, we will disable or delete your account on the website, and you must stop using the website.<\/p>\n<ol>\n<li><strong>Assignment<\/strong><\/li>\n<\/ol>\n<p>11.1\u00a0\u00a0\u00a0 You hereby agree that we may assign, transfer, sub-contract or otherwise deal with our rights and\/or obligations under these terms and conditions.<\/p>\n<p>11.2\u00a0\u00a0\u00a0 You may not without our prior written consent assign, transfer, sub-contract or otherwise deal with any of your rights and\/or obligations under these terms and conditions.<\/p>\n<ol>\n<li><strong>Severability<\/strong><\/li>\n<\/ol>\n<p>12.1\u00a0\u00a0\u00a0 If a provision of these terms and conditions is determined by any court or other competent authority to be unlawful and\/or unenforceable, the other provisions will continue in effect.<\/p>\n<p>12.2\u00a0\u00a0\u00a0 If any unlawful and\/or unenforceable provision of these terms and conditions would be lawful or enforceable if part of it were deleted, that part will be deemed to be deleted, and the rest of the provision will continue in effect.<\/p>\n<ol>\n<li><strong>Third party rights<\/strong><\/li>\n<\/ol>\n<p>13.1\u00a0\u00a0\u00a0 A contract under these terms and conditions is for our benefit and your benefit and is not intended to benefit or be enforceable by any third party.<\/p>\n<p>13.2\u00a0\u00a0\u00a0 The exercise of the parties&rsquo; rights under a contract under these terms and conditions is not subject to the consent of any third party.<\/p>\n<ol>\n<li><strong>Entire agreement<\/strong><\/li>\n<\/ol>\n<p>14.1\u00a0\u00a0\u00a0 Subject to Section 12.1, these terms and conditions, together with our privacy and cookies policy, shall constitute the entire agreement between you and us in relation to your use of our website and shall supersede all previous agreements between you and us in relation to your use of our website.<\/p>\n<ol>\n<li><strong>Law and jurisdiction<\/strong><\/li>\n<\/ol>\n<p>15.1\u00a0\u00a0\u00a0 These terms and conditions shall be governed by and construed in accordance with French law.<\/p>\n<p>15.2\u00a0\u00a0\u00a0 Any disputes relating to these terms and conditions shall be subject to the exclusive jurisdiction of the courts of France.<\/p>\n<ol>\n<li><strong>Statutory and regulatory disclosures<\/strong><\/li>\n<\/ol>\n<p>16.1\u00a0\u00a0\u00a0 We are registered in <em>PARIS RCS<\/em>; and our registration number is <em>522 896 27<\/em>.<\/p>\n<p>16.2\u00a0\u00a0\u00a0 We are registered as <em>International Boost<\/em> with <em>professional body<\/em> in <em>France<\/em>.<\/p>\n<p>20.5\u00a0\u00a0\u00a0 Our VAT number is <em>FR 785228966273<\/em>.<\/p>\n<ol>\n<li><strong>Our details<\/strong><\/li>\n<\/ol>\n<p>21.1\u00a0\u00a0\u00a0 This website is owned and operated by <em>International Boost<\/em>.<\/p>\n<p>21.2\u00a0\u00a0\u00a0 We are registered in Paris under registration number <em>522 896 27<\/em><\/p>\n<p>21.3\u00a0\u00a0\u00a0 Our principal place of business is at <em>374 rue de Vaugirard, 75015 Paris<\/em>.<\/p>\n<p>21.4\u00a0\u00a0\u00a0 You can contact us:<\/p>\n<p>(a)\u00a0\u00a0\u00a0\u00a0\u00a0\u00a0 by post, using the postal address given above;<\/p>\n<p>(b)\u00a0\u00a0\u00a0\u00a0\u00a0\u00a0 using our website contact form;<\/p>\n<p>(c)\u00a0\u00a0\u00a0\u00a0\u00a0\u00a0 by telephone, on the contact number published on our website; or<\/p>\n<p>(d)\u00a0\u00a0\u00a0\u00a0\u00a0\u00a0 by email, using the email address published on our website.<\/p>\n<p><\/p>\n\t\t\t\t\t\t\t\t<\/div>\n\t\t\t\t\t<\/div>\n\t\t\t\t<\/div>\n\t\t\t\t<\/div>\n\t\t","protected":false},"excerpt":{"rendered":"<p>MENTIONS L\u00c9GALES En vigueur au 31\/01\/2026 Les pr\u00e9sentes conditions g\u00e9n\u00e9rales d\u2019utilisation (dites \u00ab CGU \u00bb) ont pour objet l\u2019encadrement juridique des modalit\u00e9s de mise \u00e0 disposition du site et des services par INTERNATIONAL BOOST et de d\u00e9finir les conditions d\u2019acc\u00e8s et d\u2019utilisation des services par \u00ab l\u2019Utilisateur \u00bb. Les pr\u00e9sentes CGU sont accessibles sur le [&hellip;]<\/p>\n","protected":false},"author":1,"featured_media":0,"parent":0,"menu_order":0,"comment_status":"closed","ping_status":"closed","template":"elementor_header_footer","meta":{"_acf_changed":false,"_monsterinsights_skip_tracking":false,"_monsterinsights_sitenote_active":false,"_monsterinsights_sitenote_note":"","_monsterinsights_sitenote_category":0,"footnotes":""},"class_list":["post-945","page","type-page","status-publish","hentry"],"acf":[],"_links":{"self":[{"href":"https:\/\/internationalboost.com\/en\/wp-json\/wp\/v2\/pages\/945","targetHints":{"allow":["GET"]}}],"collection":[{"href":"https:\/\/internationalboost.com\/en\/wp-json\/wp\/v2\/pages"}],"about":[{"href":"https:\/\/internationalboost.com\/en\/wp-json\/wp\/v2\/types\/page"}],"author":[{"embeddable":true,"href":"https:\/\/internationalboost.com\/en\/wp-json\/wp\/v2\/users\/1"}],"replies":[{"embeddable":true,"href":"https:\/\/internationalboost.com\/en\/wp-json\/wp\/v2\/comments?post=945"}],"version-history":[{"count":0,"href":"https:\/\/internationalboost.com\/en\/wp-json\/wp\/v2\/pages\/945\/revisions"}],"wp:attachment":[{"href":"https:\/\/internationalboost.com\/en\/wp-json\/wp\/v2\/media?parent=945"}],"curies":[{"name":"wp","href":"https:\/\/api.w.org\/{rel}","templated":true}]}}