{"id":11930,"date":"2026-02-18T15:28:06","date_gmt":"2026-02-18T15:28:06","guid":{"rendered":"https:\/\/internationalboost.com\/?page_id=11930"},"modified":"2026-02-18T15:29:27","modified_gmt":"2026-02-18T15:29:27","slug":"page-de-remerciement-formulaire-ces-visiteur","status":"publish","type":"page","link":"https:\/\/www.internationalboost.com\/en\/page-de-remerciement-formulaire-ces-visiteur\/","title":{"rendered":"Page de remerciement &#8211; Formulaire CES Visiteur"},"content":{"rendered":"<div data-elementor-type=\"wp-page\" data-elementor-id=\"11930\" class=\"elementor elementor-11930\" data-elementor-post-type=\"page\">\n\t\t\t\t<div class=\"elementor-element elementor-element-2b06e9e e-flex e-con-boxed wcf-starter-animations-none e-con e-parent\" data-id=\"2b06e9e\" data-element_type=\"container\" data-e-type=\"container\" data-settings=\"{&quot;background_background&quot;:&quot;classic&quot;}\">\n\t\t\t\t\t<div class=\"e-con-inner\">\n\t\t<div class=\"elementor-element elementor-element-82f1b0b e-con-full e-flex wcf-starter-animations-none e-con e-child\" data-id=\"82f1b0b\" data-element_type=\"container\" data-e-type=\"container\">\n\t\t\t\t<div class=\"elementor-element elementor-element-a0d1d3a elementor-widget elementor-widget-spacer\" data-id=\"a0d1d3a\" data-element_type=\"widget\" data-e-type=\"widget\" data-widget_type=\"spacer.default\">\n\t\t\t\t\t\t\t<div class=\"elementor-spacer\">\n\t\t\t<div class=\"elementor-spacer-inner\"><\/div>\n\t\t<\/div>\n\t\t\t\t\t\t<\/div>\n\t\t\t\t<div class=\"elementor-element elementor-element-fe8ceb9 wcf-starter-animations-none elementor-widget elementor-widget-heading\" data-id=\"fe8ceb9\" data-element_type=\"widget\" data-e-type=\"widget\" data-settings=\"{&quot;wcf_starter_animations&quot;:&quot;none&quot;,&quot;wcf_anim_duration&quot;:1000,&quot;wcf_anim_delay&quot;:0,&quot;wcf_anim_ease&quot;:&quot;ease&quot;}\" data-widget_type=\"heading.default\">\n\t\t\t\t\t<h1 class=\"elementor-heading-title elementor-size-default\">THANKS FOR<br>YOUR INQUIRY<\/h1>\t\t\t\t<\/div>\n\t\t\t\t<div class=\"elementor-element elementor-element-f6f7613 elementor-widget__width-auto wcf-starter-animations-none elementor-widget elementor-widget-text-editor\" data-id=\"f6f7613\" data-element_type=\"widget\" data-e-type=\"widget\" data-settings=\"{&quot;wcf_starter_animations&quot;:&quot;none&quot;,&quot;wcf_anim_duration&quot;:1000,&quot;wcf_anim_delay&quot;:0,&quot;wcf_anim_ease&quot;:&quot;ease&quot;}\" data-widget_type=\"text-editor.default\">\n\t\t\t\t\t\t\t\t\t<p>You\u2019ll receive a confirmation email shortly.<\/p>\n<p>If you don\u2019t see it in your inbox,<\/p><p>please check your spam or junk folder<\/p><p>just in case.<\/p>\t\t\t\t\t\t\t\t<\/div>\n\t\t\t\t<div class=\"elementor-element elementor-element-5541180 elementor-widget elementor-widget-spacer\" data-id=\"5541180\" data-element_type=\"widget\" data-e-type=\"widget\" data-widget_type=\"spacer.default\">\n\t\t\t\t\t\t\t<div class=\"elementor-spacer\">\n\t\t\t<div class=\"elementor-spacer-inner\"><\/div>\n\t\t<\/div>\n\t\t\t\t\t\t<\/div>\n\t\t\t\t<div class=\"elementor-element elementor-element-6d56529 elementor-widget elementor-widget-wcf--button\" data-id=\"6d56529\" data-element_type=\"widget\" data-e-type=\"widget\" data-widget_type=\"wcf--button.default\">\n\t\t\t\t<div class=\"elementor-widget-container\">\n\t\t\t\t\t\t\t<div class=\"wcf__btn\">\r\n\t\t\t\t\t\t\t<a href=\"https:\/\/www.internationalboost.com\/en\/ces-las-vegas\/visitor\/\" class=\"wcf-btn-default btn-hover-none\">\r\n\t\t\t\t\t\t\t\t\t\tBack to \"CES Visitor\"\t\t\t\t<\/a>\r\n\t\t\t\t\t\t<\/div>\r\n\t\t\t\t\t\t<\/div>\n\t\t\t\t<\/div>\n\t\t\t\t<\/div>\n\t\t\t\t\t<\/div>\n\t\t\t\t<\/div>\n\t\t\t\t<\/div>","protected":false},"excerpt":{"rendered":"<p>MERCI POURVOTRE REQU\u00caTE Vous allez recevoir un email de confirmation. Si vous ne trouvez pas cet email dans votre bo\u00eete de r\u00e9ception, pensez \u00e0 regarder dans le r\u00e9pertoire \u00ab\u00a0courrier ind\u00e9sirable\u00a0\u00bb. Retour \u00e0 la page \u00ab\u00a0CES Visiteur\u00a0\u00bb<\/p>","protected":false},"author":3,"featured_media":0,"parent":0,"menu_order":0,"comment_status":"closed","ping_status":"closed","template":"elementor_header_footer","meta":{"_acf_changed":false,"rs_blank_template":"","rs_page_bg_color":"","slide_template_v7":"","_monsterinsights_skip_tracking":false,"_monsterinsights_sitenote_active":false,"_monsterinsights_sitenote_note":"","_monsterinsights_sitenote_category":0,"footnotes":""},"class_list":["post-11930","page","type-page","status-publish","hentry"],"acf":[],"yoast_head":"<!-- This site is optimized with the Yoast SEO Premium plugin v27.5 (Yoast SEO v27.5) - https:\/\/yoast.com\/product\/yoast-seo-premium-wordpress\/ -->\n<title>Page de remerciement - Formulaire CES Visiteur - International Boost<\/title>\n<meta name=\"robots\" content=\"index, follow, max-snippet:-1, max-image-preview:large, max-video-preview:-1\" \/>\n<link rel=\"canonical\" href=\"https:\/\/www.internationalboost.com\/en\/page-de-remerciement-formulaire-ces-visiteur\/\" \/>\n<meta property=\"og:locale\" content=\"en_US\" \/>\n<meta property=\"og:type\" content=\"article\" \/>\n<meta property=\"og:title\" content=\"Page de remerciement - Formulaire CES Visiteur\" \/>\n<meta property=\"og:description\" content=\"MERCI POURVOTRE REQU\u00caTE Vous allez recevoir un email de confirmation. Si vous ne trouvez pas cet email dans votre bo\u00eete de r\u00e9ception, pensez \u00e0 regarder dans le r\u00e9pertoire \u00ab\u00a0courrier ind\u00e9sirable\u00a0\u00bb. Retour \u00e0 la page \u00ab\u00a0CES Visiteur\u00a0\u00bb\" \/>\n<meta property=\"og:url\" content=\"https:\/\/www.internationalboost.com\/en\/page-de-remerciement-formulaire-ces-visiteur\/\" \/>\n<meta property=\"og:site_name\" content=\"International Boost\" \/>\n<meta property=\"article:publisher\" content=\"https:\/\/www.facebook.com\/internationalboost\/\" \/>\n<meta property=\"article:modified_time\" content=\"2026-02-18T15:29:27+00:00\" \/>\n<meta name=\"twitter:card\" content=\"summary_large_image\" \/>\n<meta name=\"twitter:site\" content=\"@intlboost\" \/>\n<script type=\"application\/ld+json\" class=\"yoast-schema-graph\">{\"@context\":\"https:\\\/\\\/schema.org\",\"@graph\":[{\"@type\":\"WebPage\",\"@id\":\"https:\\\/\\\/www.internationalboost.com\\\/page-de-remerciement-formulaire-ces-visiteur\\\/\",\"url\":\"https:\\\/\\\/www.internationalboost.com\\\/page-de-remerciement-formulaire-ces-visiteur\\\/\",\"name\":\"Page de remerciement - Formulaire CES Visiteur - International Boost\",\"isPartOf\":{\"@id\":\"https:\\\/\\\/www.internationalboost.com\\\/#website\"},\"datePublished\":\"2026-02-18T15:28:06+00:00\",\"dateModified\":\"2026-02-18T15:29:27+00:00\",\"breadcrumb\":{\"@id\":\"https:\\\/\\\/www.internationalboost.com\\\/page-de-remerciement-formulaire-ces-visiteur\\\/#breadcrumb\"},\"inLanguage\":\"en-US\",\"potentialAction\":[{\"@type\":\"ReadAction\",\"target\":[\"https:\\\/\\\/www.internationalboost.com\\\/page-de-remerciement-formulaire-ces-visiteur\\\/\"]}]},{\"@type\":\"BreadcrumbList\",\"@id\":\"https:\\\/\\\/www.internationalboost.com\\\/page-de-remerciement-formulaire-ces-visiteur\\\/#breadcrumb\",\"itemListElement\":[{\"@type\":\"ListItem\",\"position\":1,\"name\":\"Accueil\",\"item\":\"https:\\\/\\\/www.internationalboost.com\\\/\"},{\"@type\":\"ListItem\",\"position\":2,\"name\":\"Page de remerciement &#8211; Formulaire CES Visiteur\"}]},{\"@type\":\"WebSite\",\"@id\":\"https:\\\/\\\/www.internationalboost.com\\\/#website\",\"url\":\"https:\\\/\\\/www.internationalboost.com\\\/\",\"name\":\"International Boost\",\"description\":\"\",\"publisher\":{\"@id\":\"https:\\\/\\\/www.internationalboost.com\\\/#organization\"},\"potentialAction\":[{\"@type\":\"SearchAction\",\"target\":{\"@type\":\"EntryPoint\",\"urlTemplate\":\"https:\\\/\\\/www.internationalboost.com\\\/?s={search_term_string}\"},\"query-input\":{\"@type\":\"PropertyValueSpecification\",\"valueRequired\":true,\"valueName\":\"search_term_string\"}}],\"inLanguage\":\"en-US\"},{\"@type\":\"Organization\",\"@id\":\"https:\\\/\\\/www.internationalboost.com\\\/#organization\",\"name\":\"International Boost\",\"url\":\"https:\\\/\\\/www.internationalboost.com\\\/\",\"logo\":{\"@type\":\"ImageObject\",\"inLanguage\":\"en-US\",\"@id\":\"https:\\\/\\\/www.internationalboost.com\\\/#\\\/schema\\\/logo\\\/image\\\/\",\"url\":\"https:\\\/\\\/internationalboost.com\\\/wp-content\\\/uploads\\\/2025\\\/12\\\/orange-bleu-no-fond.svg\",\"contentUrl\":\"https:\\\/\\\/internationalboost.com\\\/wp-content\\\/uploads\\\/2025\\\/12\\\/orange-bleu-no-fond.svg\",\"width\":646,\"height\":538,\"caption\":\"International Boost\"},\"image\":{\"@id\":\"https:\\\/\\\/www.internationalboost.com\\\/#\\\/schema\\\/logo\\\/image\\\/\"},\"sameAs\":[\"https:\\\/\\\/www.facebook.com\\\/internationalboost\\\/\",\"https:\\\/\\\/x.com\\\/intlboost\",\"https:\\\/\\\/www.linkedin.com\\\/company\\\/international-boost\\\/\",\"https:\\\/\\\/www.youtube.com\\\/@internationalboost2098\"]}]}<\/script>\n<!-- \/ Yoast SEO Premium plugin. -->","yoast_head_json":{"title":"Page de remerciement - Formulaire CES Visiteur - International Boost","robots":{"index":"index","follow":"follow","max-snippet":"max-snippet:-1","max-image-preview":"max-image-preview:large","max-video-preview":"max-video-preview:-1"},"canonical":"https:\/\/www.internationalboost.com\/en\/page-de-remerciement-formulaire-ces-visiteur\/","og_locale":"en_US","og_type":"article","og_title":"Page de remerciement - Formulaire CES Visiteur","og_description":"MERCI POURVOTRE REQU\u00caTE Vous allez recevoir un email de confirmation. Si vous ne trouvez pas cet email dans votre bo\u00eete de r\u00e9ception, pensez \u00e0 regarder dans le r\u00e9pertoire \u00ab\u00a0courrier ind\u00e9sirable\u00a0\u00bb. Retour \u00e0 la page \u00ab\u00a0CES Visiteur\u00a0\u00bb","og_url":"https:\/\/www.internationalboost.com\/en\/page-de-remerciement-formulaire-ces-visiteur\/","og_site_name":"International Boost","article_publisher":"https:\/\/www.facebook.com\/internationalboost\/","article_modified_time":"2026-02-18T15:29:27+00:00","twitter_card":"summary_large_image","twitter_site":"@intlboost","schema":{"@context":"https:\/\/schema.org","@graph":[{"@type":"WebPage","@id":"https:\/\/www.internationalboost.com\/page-de-remerciement-formulaire-ces-visiteur\/","url":"https:\/\/www.internationalboost.com\/page-de-remerciement-formulaire-ces-visiteur\/","name":"Page de remerciement - Formulaire CES Visiteur - International Boost","isPartOf":{"@id":"https:\/\/www.internationalboost.com\/#website"},"datePublished":"2026-02-18T15:28:06+00:00","dateModified":"2026-02-18T15:29:27+00:00","breadcrumb":{"@id":"https:\/\/www.internationalboost.com\/page-de-remerciement-formulaire-ces-visiteur\/#breadcrumb"},"inLanguage":"en-US","potentialAction":[{"@type":"ReadAction","target":["https:\/\/www.internationalboost.com\/page-de-remerciement-formulaire-ces-visiteur\/"]}]},{"@type":"BreadcrumbList","@id":"https:\/\/www.internationalboost.com\/page-de-remerciement-formulaire-ces-visiteur\/#breadcrumb","itemListElement":[{"@type":"ListItem","position":1,"name":"Accueil","item":"https:\/\/www.internationalboost.com\/"},{"@type":"ListItem","position":2,"name":"Page de remerciement &#8211; Formulaire CES Visiteur"}]},{"@type":"WebSite","@id":"https:\/\/www.internationalboost.com\/#website","url":"https:\/\/www.internationalboost.com\/","name":"International Boost","description":"","publisher":{"@id":"https:\/\/www.internationalboost.com\/#organization"},"potentialAction":[{"@type":"SearchAction","target":{"@type":"EntryPoint","urlTemplate":"https:\/\/www.internationalboost.com\/?s={search_term_string}"},"query-input":{"@type":"PropertyValueSpecification","valueRequired":true,"valueName":"search_term_string"}}],"inLanguage":"en-US"},{"@type":"Organization","@id":"https:\/\/www.internationalboost.com\/#organization","name":"International Boost","url":"https:\/\/www.internationalboost.com\/","logo":{"@type":"ImageObject","inLanguage":"en-US","@id":"https:\/\/www.internationalboost.com\/#\/schema\/logo\/image\/","url":"https:\/\/internationalboost.com\/wp-content\/uploads\/2025\/12\/orange-bleu-no-fond.svg","contentUrl":"https:\/\/internationalboost.com\/wp-content\/uploads\/2025\/12\/orange-bleu-no-fond.svg","width":646,"height":538,"caption":"International Boost"},"image":{"@id":"https:\/\/www.internationalboost.com\/#\/schema\/logo\/image\/"},"sameAs":["https:\/\/www.facebook.com\/internationalboost\/","https:\/\/x.com\/intlboost","https:\/\/www.linkedin.com\/company\/international-boost\/","https:\/\/www.youtube.com\/@internationalboost2098"]}]}},"_links":{"self":[{"href":"https:\/\/www.internationalboost.com\/en\/wp-json\/wp\/v2\/pages\/11930","targetHints":{"allow":["GET"]}}],"collection":[{"href":"https:\/\/www.internationalboost.com\/en\/wp-json\/wp\/v2\/pages"}],"about":[{"href":"https:\/\/www.internationalboost.com\/en\/wp-json\/wp\/v2\/types\/page"}],"author":[{"embeddable":true,"href":"https:\/\/www.internationalboost.com\/en\/wp-json\/wp\/v2\/users\/3"}],"replies":[{"embeddable":true,"href":"https:\/\/www.internationalboost.com\/en\/wp-json\/wp\/v2\/comments?post=11930"}],"version-history":[{"count":0,"href":"https:\/\/www.internationalboost.com\/en\/wp-json\/wp\/v2\/pages\/11930\/revisions"}],"wp:attachment":[{"href":"https:\/\/www.internationalboost.com\/en\/wp-json\/wp\/v2\/media?parent=11930"}],"curies":[{"name":"wp","href":"https:\/\/api.w.org\/{rel}","templated":true}]}}